{"id":39,"date":"2017-01-27T10:04:19","date_gmt":"2017-01-27T09:04:19","guid":{"rendered":"http:\/\/www.skandskol.com\/ssm\/?page_id=39"},"modified":"2023-11-30T18:16:55","modified_gmt":"2023-11-30T17:16:55","slug":"kontakt","status":"publish","type":"page","link":"https:\/\/www.skandskol.com\/ssm\/kontakt\/","title":{"rendered":"Kontakt"},"content":{"rendered":"<h1>Skandinaviska skolan<\/h1>\n<p><strong>Bes\u00f6ksadress<\/strong><br \/>\nAvenida Armando Tivane 821<br \/>\nPostadress: Cp 2710<br \/>\nMaputo, Mo\u00e7ambique<\/p>\n<p><strong>Rektor<br \/>\n<\/strong>Clara Bj\u00f6rkhem (+258) 82 572 5297, (+258) 87 572 5295<br \/>\nE-postadress: <a href=\"mailto:skandinaviskaskolan@skandskol.com\">skandinaviskaskolan@skandskol.com<\/a><\/p>\n<p><strong>Sjukanm\u00e4lan<br \/>\n<\/strong>F\u00f6rskolan (+258) 82 302 0397<br \/>\nSkolan och Fria\u00a0(+258) 84 688 2703<br \/>\nEnglish preschool (+258) 852615104<\/p>\n","protected":false},"excerpt":{"rendered":"<p>Skandinaviska skolan Bes\u00f6ksadress Avenida Armando Tivane 821 Postadress: Cp 2710 Maputo, Mo\u00e7ambique Rektor Clara Bj\u00f6rkhem (+258) 82 572 5297, (+258) 87 572 5295 E-postadress: skandinaviskaskolan@skandskol.com Sjukanm\u00e4lan F\u00f6rskolan (+258) 82 302 0397 Skolan och Fria\u00a0(+258) 84 688 2703 English preschool (+258) 852615104<\/p>\n","protected":false},"author":1,"featured_media":0,"parent":0,"menu_order":14,"comment_status":"closed","ping_status":"closed","template":"","meta":{"_genesis_hide_title":false,"_genesis_hide_breadcrumbs":false,"_genesis_hide_singular_image":false,"_genesis_hide_footer_widgets":false,"_genesis_custom_body_class":"","_genesis_custom_post_class":"","_genesis_layout":"","footnotes":""},"class_list":{"0":"post-39","1":"page","2":"type-page","3":"status-publish","5":"entry"},"_links":{"self":[{"href":"https:\/\/www.skandskol.com\/ssm\/wp-json\/wp\/v2\/pages\/39","targetHints":{"allow":["GET"]}}],"collection":[{"href":"https:\/\/www.skandskol.com\/ssm\/wp-json\/wp\/v2\/pages"}],"about":[{"href":"https:\/\/www.skandskol.com\/ssm\/wp-json\/wp\/v2\/types\/page"}],"author":[{"embeddable":true,"href":"https:\/\/www.skandskol.com\/ssm\/wp-json\/wp\/v2\/users\/1"}],"replies":[{"embeddable":true,"href":"https:\/\/www.skandskol.com\/ssm\/wp-json\/wp\/v2\/comments?post=39"}],"version-history":[{"count":16,"href":"https:\/\/www.skandskol.com\/ssm\/wp-json\/wp\/v2\/pages\/39\/revisions"}],"predecessor-version":[{"id":2743,"href":"https:\/\/www.skandskol.com\/ssm\/wp-json\/wp\/v2\/pages\/39\/revisions\/2743"}],"wp:attachment":[{"href":"https:\/\/www.skandskol.com\/ssm\/wp-json\/wp\/v2\/media?parent=39"}],"curies":[{"name":"wp","href":"https:\/\/api.w.org\/{rel}","templated":true}]}}